{"id":307,"date":"2020-01-13T11:17:52","date_gmt":"2020-01-13T11:17:52","guid":{"rendered":"https:\/\/demosites.io\/web-agency-gb\/?page_id=5"},"modified":"2021-07-15T06:17:20","modified_gmt":"2021-07-15T06:17:20","slug":"15c42-web-agency-gb-home","status":"publish","type":"page","link":"https:\/\/yigiteksperlik.com\/","title":{"rendered":"Biz Kimiz&#8230;"},"content":{"rendered":"\n<div class=\"wp-block-cover alignfull\" style=\"min-height:700px;aspect-ratio:unset;\"><img loading=\"lazy\" decoding=\"async\" width=\"1366\" height=\"768\" class=\"wp-block-cover__image-background wp-image-109\" alt=\"\" src=\"https:\/\/yigiteksperlik.com\/wp-content\/uploads\/2020\/07\/web-design-studio-01.jpg.jpg\" style=\"object-position:50% 64%\" data-object-fit=\"cover\" data-object-position=\"50% 64%\"\/><div class=\"wp-block-cover__inner-container is-layout-flow wp-block-cover-is-layout-flow\">\n<div style=\"height:80px\" aria-hidden=\"true\" class=\"wp-block-spacer\"><\/div>\n\n\n\n<h1 class=\"has-text-align-center has-text-color wp-block-heading\" style=\"color:#121212\">Y\u0130\u011e\u0130T Eksperlik, en zor zaman\u0131n\u0131z da<br>yan\u0131n\u0131zda olmaya devam edecektir.<\/h1>\n\n\n\n<p class=\"has-text-align-center has-text-color\" style=\"color:#121212;font-size:clamp(14px, 0.875rem + ((1vw - 3.2px) * 0.265), 17px);px\">KIYMET TAKT\u0130R\u0130 VE R\u0130SK ANAL\u0130Z\u0130 ALANLARINDA, KAL\u0130TEL\u0130, PROFESYONEL VE N\u0130TEL\u0130KL\u0130 H\u0130ZMET BULACAKSINIZ.<\/p>\n\n\n\n<p class=\"has-text-align-center has-text-color\" style=\"color:#121212;font-size:clamp(14px, 0.875rem + ((1vw - 3.2px) * 0.265), 17px);px\">\u00c7al\u0131\u015fmalar\u0131nda ba\u011f\u0131ms\u0131z ve tarafs\u0131zd\u0131r, kaliteli hizmet anlay\u0131\u015f\u0131yla kendine ama\u00e7 edinmi\u015f, profesyonelli\u011fi ve analitik yakla\u015f\u0131m\u0131<br> \u00f6n planda tutar. Bilimsel ve ak\u0131lc\u0131 d\u00fc\u015f\u00fcnceye sahip \u00e7al\u0131\u015fma arkada\u015flar\u0131ndan olu\u015fur. Ara\u015ft\u0131rmac\u0131, yenilik\u00e7i ve dinamiktir. <br>\u00d6n yarg\u0131s\u0131z, etki alt\u0131nda kalmadan \u00e7al\u0131\u015fmalar\u0131n\u0131 s\u00fcrd\u00fcr\u00fcr ve cevaplanmas\u0131 gereken sorular\u0131<br> cevaplar, ilkelerinden asla taviz vermez.<\/p>\n\n\n\n<div class=\"wp-block-buttons is-content-justification-center is-layout-flex wp-block-buttons-is-layout-flex\">\n<div class=\"wp-block-button is-style-primary\"><a class=\"wp-block-button__link\" href=\"https:\/\/yigiteksperlik.com\/?page_id=306\">hizmetlerimiz<\/a><\/div>\n\n\n\n<div class=\"wp-block-button is-style-secondary\"><a class=\"wp-block-button__link\" href=\"https:\/\/yigiteksperlik.com\/?page_id=2\">\u0130LKELER\u0130M\u0130Z<\/a><\/div>\n<\/div>\n\n\n\n<div style=\"height:80px\" aria-hidden=\"true\" class=\"wp-block-spacer\"><\/div>\n\n\n\n<div style=\"height:80px\" aria-hidden=\"true\" class=\"wp-block-spacer\"><\/div>\n<\/div><\/div>\n\n\n\n<p style=\"font-size:14px\">                   <\/p>\n\n\n\n<p style=\"font-size:14px\">                   <\/p>\n\n\n\n<p>                      &nbsp;&nbsp;&nbsp;<\/p>\n\n\n\n<p>&nbsp;&nbsp;<\/p>\n\n\n\n<div class=\"wp-block-columns is-layout-flex wp-container-core-columns-is-layout-28f84493 wp-block-columns-is-layout-flex\">\n<div class=\"wp-block-column is-layout-flow wp-block-column-is-layout-flow\">\n<div class=\"wp-block-image icon-style is-style-rounded\"><figure class=\"aligncenter size-large\"><img loading=\"lazy\" decoding=\"async\" width=\"72\" height=\"72\" src=\"https:\/\/yigiteksperlik.com\/wp-content\/uploads\/2020\/01\/neve-webdesign-GB-03.png\" alt=\"\" class=\"wp-image-20\" title=\"\"\/><\/figure><\/div>\n\n\n\n<h3 class=\"has-text-align-center has-neve-text-color-color has-text-color wp-block-heading\">G\u00fcvenirlilik.<\/h3>\n\n\n\n<p class=\"has-text-align-center\">Profesyonel, y\u00fcksek seviyede destek, ara\u015ft\u0131rma ve hizmet verme prensibine ba\u011fl\u0131 olarak t\u00fcm ekspertiz \u00e7al\u0131\u015fmalar\u0131n\u0131n, etkili ve g\u00fcvenilir bir \u015fekilde y\u00fcr\u00fct\u00fclmesini ama\u00e7lamaktay\u0131z.<\/p>\n\n\n\n<div style=\"height:20px\" aria-hidden=\"true\" class=\"wp-block-spacer\"><\/div>\n<\/div>\n\n\n\n<div class=\"wp-block-column is-layout-flow wp-block-column-is-layout-flow\">\n<div class=\"wp-block-image icon-style is-style-rounded\"><figure class=\"aligncenter size-large\"><img loading=\"lazy\" decoding=\"async\" width=\"72\" height=\"72\" src=\"https:\/\/yigiteksperlik.com\/wp-content\/uploads\/2020\/01\/neve-webdesign-GB-04.png\" alt=\"\" class=\"wp-image-21\"\/><\/figure><\/div>\n\n\n\n<h3 class=\"has-text-align-center has-neve-text-color-color has-text-color wp-block-heading\">Sekt\u00f6rel risk uzman\u0131d\u0131r.<\/h3>\n\n\n\n<p class=\"has-text-align-center\">Hizmetlerimizi s\u00fcrekli olarak geli\u015ftirmek ve sigorta sekt\u00f6r\u00fcn\u00fcn de\u011fi\u015fen ihtiya\u00e7 ve taleplerini en iyi \u015fekilde kar\u015f\u0131layabilmek i\u00e7in s\u00fcrekli kendimizi yenilemekte, teknolojilerimizi g\u00fcncelleyerek verimlili\u011fimizi \u00fcst seviyede tutmaktay\u0131z.<\/p>\n\n\n\n<div style=\"height:20px\" aria-hidden=\"true\" class=\"wp-block-spacer\"><\/div>\n<\/div>\n\n\n\n<div class=\"wp-block-column is-layout-flow wp-block-column-is-layout-flow\">\n<div class=\"wp-block-image icon-style is-style-rounded\"><figure class=\"aligncenter size-large\"><img loading=\"lazy\" decoding=\"async\" width=\"72\" height=\"72\" src=\"https:\/\/yigiteksperlik.com\/wp-content\/uploads\/2020\/01\/neve-webdesign-GB-01.png\" alt=\"\" class=\"wp-image-18\"\/><\/figure><\/div>\n\n\n\n<h3 class=\"has-text-align-center has-neve-text-color-color has-text-color wp-block-heading\">\u00c7\u00f6z\u00fcm odakl\u0131 ve h\u0131zl\u0131d\u0131r.<\/h3>\n\n\n\n<p class=\"has-text-align-center\">End\u00fcstriyel hasarlarda uzun y\u0131llara dayanan bilgi birikimi ve tecr\u00fcbesi ile kar kayb\u0131 ve \u00fcr\u00fcn sorumluluk hasarlar\u0131nda uzman, detayc\u0131, \u015feffaf ve tarafs\u0131zl\u0131\u011f\u0131yla hizmet vermekteyiz.<\/p>\n\n\n\n<div style=\"height:20px\" aria-hidden=\"true\" class=\"wp-block-spacer\"><\/div>\n<\/div>\n<\/div>\n\n\n\n<p style=\"font-size:14px\">\u00dc\u00e7 Evler Mah. Ertu\u011frul Cad. No. 85 Eker \u0130\u015f Merkezi Kat 5 D.11<br>Nil\u00fcfer \/ BURSA<\/p>\n\n\n\n<p class=\"has-small-font-size\">+90(224) 441 84 42 | +90(224) 441 84 43 | info@yigiteksperlik.com<\/p>\n\n\n\n<p>&nbsp;<\/p>\n","protected":false},"excerpt":{"rendered":"<p>&nbsp;&nbsp;&nbsp; &nbsp;&nbsp; G\u00fcvenirlilik. Profesyonel, y\u00fcksek seviyede destek, ara\u015ft\u0131rma ve hizmet verme prensibine ba\u011fl\u0131 olarak t\u00fcm ekspertiz \u00e7al\u0131\u015fmalar\u0131n\u0131n, etkili ve g\u00fcvenilir bir \u015fekilde y\u00fcr\u00fct\u00fclmesini ama\u00e7lamaktay\u0131z. Sekt\u00f6rel risk uzman\u0131d\u0131r. Hizmetlerimizi s\u00fcrekli olarak geli\u015ftirmek ve sigorta sekt\u00f6r\u00fcn\u00fcn de\u011fi\u015fen ihtiya\u00e7 ve taleplerini en iyi \u015fekilde kar\u015f\u0131layabilmek i\u00e7in s\u00fcrekli kendimizi yenilemekte, teknolojilerimizi g\u00fcncelleyerek verimlili\u011fimizi \u00fcst seviyede tutmaktay\u0131z. \u00c7\u00f6z\u00fcm odakl\u0131 ve &hellip; <\/p>\n<p class=\"link-more\"><a href=\"https:\/\/yigiteksperlik.com\/\" class=\"more-link\">Read more<span class=\"screen-reader-text\"> &#8220;Biz Kimiz&#8230;&#8221;<\/span><\/a><\/p>\n","protected":false},"author":1,"featured_media":0,"parent":0,"menu_order":0,"comment_status":"closed","ping_status":"closed","template":"","meta":{"_ti_tpc_template_sync":false,"_ti_tpc_template_id":"cwhkd9lki581rusuhjti","inspiro_hide_title":false,"footnotes":""},"class_list":["post-307","page","type-page","status-publish","hentry"],"_links":{"self":[{"href":"https:\/\/yigiteksperlik.com\/index.php?rest_route=\/wp\/v2\/pages\/307","targetHints":{"allow":["GET"]}}],"collection":[{"href":"https:\/\/yigiteksperlik.com\/index.php?rest_route=\/wp\/v2\/pages"}],"about":[{"href":"https:\/\/yigiteksperlik.com\/index.php?rest_route=\/wp\/v2\/types\/page"}],"author":[{"embeddable":true,"href":"https:\/\/yigiteksperlik.com\/index.php?rest_route=\/wp\/v2\/users\/1"}],"replies":[{"embeddable":true,"href":"https:\/\/yigiteksperlik.com\/index.php?rest_route=%2Fwp%2Fv2%2Fcomments&post=307"}],"version-history":[{"count":30,"href":"https:\/\/yigiteksperlik.com\/index.php?rest_route=\/wp\/v2\/pages\/307\/revisions"}],"predecessor-version":[{"id":387,"href":"https:\/\/yigiteksperlik.com\/index.php?rest_route=\/wp\/v2\/pages\/307\/revisions\/387"}],"wp:attachment":[{"href":"https:\/\/yigiteksperlik.com\/index.php?rest_route=%2Fwp%2Fv2%2Fmedia&parent=307"}],"curies":[{"name":"wp","href":"https:\/\/api.w.org\/{rel}","templated":true}]}}