{"id":306,"date":"2020-01-13T10:41:00","date_gmt":"2020-01-13T10:41:00","guid":{"rendered":"https:\/\/demosites.io\/web-agency-gb\/?page_id=2"},"modified":"2021-07-14T11:45:57","modified_gmt":"2021-07-14T11:45:57","slug":"hizmetlerimiz","status":"publish","type":"page","link":"https:\/\/yigiteksperlik.com\/?page_id=306","title":{"rendered":"Hizmetlerimiz"},"content":{"rendered":"\n<p>Hizmetlerimizi s\u00fcrekli olarak geli\u015ftirmek ve T\u00fcrk sigorta sekt\u00f6r\u00fcn\u00fcn de\u011fi\u015fen ihtiya\u00e7 ve taleplerini en iyi \u015fekilde kar\u015f\u0131layabilmek i\u00e7in s\u00fcrekli kendimizi yenilemekte, altyap\u0131m\u0131z\u0131 ve bili\u015fim teknolojilerimizi g\u00fcncelleyerek verimlili\u011fimizi \u00fcst seviyede tutmaktay\u0131z.<\/p>\n\n\n\n<p><\/p>\n\n\n\n<ul class=\"wp-block-list\"><li>Yang\u0131n ve Ek Teminatlar\u0131<\/li><li>M\u00fchendislik (Makine K\u0131r\u0131lmas\u0131, Elektronik Cihaz, Montaj ve \u0130n\u015faat)<\/li><li>Nakliyat<\/li><li>H\u0131rs\u0131zl\u0131k<\/li><li>Kar Kayb\u0131<\/li><li>Sorumluluk (\u00dcr\u00fcn, Mesleki Sorumluluk, 3.\u015eah\u0131s Sorumluluk)<\/li><li>Emniyeti Suistimal<\/li><li>Yang\u0131n Yeri \/ Hasar Nedeni Ara\u015ft\u0131rma \u2013 \u0130nceleme<\/li><\/ul>\n\n\n\n<p> \u00a0\u00a0<\/p>\n\n\n\n<p>\u00a0\u00a0<\/p>\n\n\n\n<p>\u00a0\u00a0<\/p>\n\n\n\n<p style=\"font-size:14px\">\u00dc\u00e7 Evler Mah. Ertu\u011frul Cad. No. 85 Eker \u0130\u015f Merkezi Kat 5 D.11<br>Nil\u00fcfer \/ BURSA<\/p>\n\n\n\n<p class=\"has-small-font-size\">+90(224) 441 84 42 | +90(224) 441 84 43 | info@yigiteksperlik.com<\/p>\n","protected":false},"excerpt":{"rendered":"<p>Hizmetlerimizi s\u00fcrekli olarak geli\u015ftirmek ve T\u00fcrk sigorta sekt\u00f6r\u00fcn\u00fcn de\u011fi\u015fen ihtiya\u00e7 ve taleplerini en iyi \u015fekilde kar\u015f\u0131layabilmek i\u00e7in s\u00fcrekli kendimizi yenilemekte, altyap\u0131m\u0131z\u0131 ve bili\u015fim teknolojilerimizi g\u00fcncelleyerek verimlili\u011fimizi \u00fcst seviyede tutmaktay\u0131z. Yang\u0131n ve Ek Teminatlar\u0131 M\u00fchendislik (Makine K\u0131r\u0131lmas\u0131, Elektronik Cihaz, Montaj ve \u0130n\u015faat) Nakliyat H\u0131rs\u0131zl\u0131k Kar Kayb\u0131 Sorumluluk (\u00dcr\u00fcn, Mesleki Sorumluluk, 3.\u015eah\u0131s Sorumluluk) Emniyeti Suistimal Yang\u0131n Yeri &hellip; <\/p>\n<p class=\"link-more\"><a href=\"https:\/\/yigiteksperlik.com\/?page_id=306\" class=\"more-link\">Read more<span class=\"screen-reader-text\"> &#8220;Hizmetlerimiz&#8221;<\/span><\/a><\/p>\n","protected":false},"author":1,"featured_media":0,"parent":0,"menu_order":0,"comment_status":"closed","ping_status":"closed","template":"","meta":{"_ti_tpc_template_sync":false,"_ti_tpc_template_id":"","inspiro_hide_title":false,"footnotes":""},"class_list":["post-306","page","type-page","status-publish","hentry"],"_links":{"self":[{"href":"https:\/\/yigiteksperlik.com\/index.php?rest_route=\/wp\/v2\/pages\/306","targetHints":{"allow":["GET"]}}],"collection":[{"href":"https:\/\/yigiteksperlik.com\/index.php?rest_route=\/wp\/v2\/pages"}],"about":[{"href":"https:\/\/yigiteksperlik.com\/index.php?rest_route=\/wp\/v2\/types\/page"}],"author":[{"embeddable":true,"href":"https:\/\/yigiteksperlik.com\/index.php?rest_route=\/wp\/v2\/users\/1"}],"replies":[{"embeddable":true,"href":"https:\/\/yigiteksperlik.com\/index.php?rest_route=%2Fwp%2Fv2%2Fcomments&post=306"}],"version-history":[{"count":6,"href":"https:\/\/yigiteksperlik.com\/index.php?rest_route=\/wp\/v2\/pages\/306\/revisions"}],"predecessor-version":[{"id":383,"href":"https:\/\/yigiteksperlik.com\/index.php?rest_route=\/wp\/v2\/pages\/306\/revisions\/383"}],"wp:attachment":[{"href":"https:\/\/yigiteksperlik.com\/index.php?rest_route=%2Fwp%2Fv2%2Fmedia&parent=306"}],"curies":[{"name":"wp","href":"https:\/\/api.w.org\/{rel}","templated":true}]}}