{"id":2,"date":"2021-07-14T07:14:41","date_gmt":"2021-07-14T07:14:41","guid":{"rendered":"https:\/\/yigiteksperlik.com\/?page_id=2"},"modified":"2021-07-14T11:50:17","modified_gmt":"2021-07-14T11:50:17","slug":"ilkelerimiz","status":"publish","type":"page","link":"https:\/\/yigiteksperlik.com\/?page_id=2","title":{"rendered":"\u0130lkelerimiz"},"content":{"rendered":"\n<p>Y\u0130\u011e\u0130T Eksperlik, \u00e7al\u0131\u015fmalar\u0131nda ba\u011f\u0131ms\u0131z ve tarafs\u0131zd\u0131r. Kaliteli hizmet anlay\u0131\u015f\u0131yla \u00e7a\u011f\u0131n \u00f6tesinde \u00e7al\u0131\u015fmay\u0131 ama\u00e7 edinmi\u015ftir. \u00c7al\u0131\u015fmalar\u0131nda profesyonelli\u011fi ve analitik yakla\u015f\u0131m\u0131 \u00f6n planda tutar. Ara\u015ft\u0131rmac\u0131, yenilik\u00e7i ve dinamiktir. \u00d6n yarg\u0131s\u0131z, etki alt\u0131nda kalmadan \u00e7al\u0131\u015fmalar\u0131n\u0131 s\u00fcrd\u00fcr\u00fcr ve cevaplanmas\u0131 gereken sorular\u0131 cevaplar, ilkelerinden asla taviz vermez.<\/p>\n\n\n\n<p><\/p>\n\n\n\n<ul class=\"wp-block-list\"><li>Ba\u011f\u0131ms\u0131zl\u0131k ve Tarafs\u0131zl\u0131k<\/li><li>Kaliteli Hizmet<\/li><li>Profesyonel ve analitik yakla\u015f\u0131m<\/li><li>Bilimsel ve ak\u0131lc\u0131 d\u00fc\u015f\u00fcnce<\/li><li>Ara\u015ft\u0131rmac\u0131, yenilik\u00e7i ve dinamik olma<\/li><li>\u00d6n yarg\u0131s\u0131z ve g\u00fcvenilir olma<\/li><\/ul>\n\n\n\n<p> &nbsp;&nbsp;<\/p>\n\n\n\n<p>&nbsp;&nbsp;<\/p>\n\n\n\n<p>&nbsp;&nbsp;<\/p>\n\n\n\n<p style=\"font-size:14px\">\u00dc\u00e7 Evler Mah. Ertu\u011frul Cad. No. 85 Eker \u0130\u015f Merkezi Kat 5 D.11<br>Nil\u00fcfer \/ BURSA<\/p>\n\n\n\n<p class=\"has-small-font-size\">+90(224) 441 84 42 | +90(224) 441 84 43 | info@yigiteksperlik.com<\/p>\n","protected":false},"excerpt":{"rendered":"<p>Y\u0130\u011e\u0130T Eksperlik, \u00e7al\u0131\u015fmalar\u0131nda ba\u011f\u0131ms\u0131z ve tarafs\u0131zd\u0131r. Kaliteli hizmet anlay\u0131\u015f\u0131yla \u00e7a\u011f\u0131n \u00f6tesinde \u00e7al\u0131\u015fmay\u0131 ama\u00e7 edinmi\u015ftir. \u00c7al\u0131\u015fmalar\u0131nda profesyonelli\u011fi ve analitik yakla\u015f\u0131m\u0131 \u00f6n planda tutar. Ara\u015ft\u0131rmac\u0131, yenilik\u00e7i ve dinamiktir. \u00d6n yarg\u0131s\u0131z, etki alt\u0131nda kalmadan \u00e7al\u0131\u015fmalar\u0131n\u0131 s\u00fcrd\u00fcr\u00fcr ve cevaplanmas\u0131 gereken sorular\u0131 cevaplar, ilkelerinden asla taviz vermez. Ba\u011f\u0131ms\u0131zl\u0131k ve Tarafs\u0131zl\u0131k Kaliteli Hizmet Profesyonel ve analitik yakla\u015f\u0131m Bilimsel ve ak\u0131lc\u0131 d\u00fc\u015f\u00fcnce &hellip; <\/p>\n<p class=\"link-more\"><a href=\"https:\/\/yigiteksperlik.com\/?page_id=2\" class=\"more-link\">Read more<span class=\"screen-reader-text\"> &#8220;\u0130lkelerimiz&#8221;<\/span><\/a><\/p>\n","protected":false},"author":1,"featured_media":0,"parent":0,"menu_order":0,"comment_status":"closed","ping_status":"closed","template":"","meta":{"_ti_tpc_template_sync":false,"_ti_tpc_template_id":"","inspiro_hide_title":false,"footnotes":""},"class_list":["post-2","page","type-page","status-publish","hentry"],"_links":{"self":[{"href":"https:\/\/yigiteksperlik.com\/index.php?rest_route=\/wp\/v2\/pages\/2","targetHints":{"allow":["GET"]}}],"collection":[{"href":"https:\/\/yigiteksperlik.com\/index.php?rest_route=\/wp\/v2\/pages"}],"about":[{"href":"https:\/\/yigiteksperlik.com\/index.php?rest_route=\/wp\/v2\/types\/page"}],"author":[{"embeddable":true,"href":"https:\/\/yigiteksperlik.com\/index.php?rest_route=\/wp\/v2\/users\/1"}],"replies":[{"embeddable":true,"href":"https:\/\/yigiteksperlik.com\/index.php?rest_route=%2Fwp%2Fv2%2Fcomments&post=2"}],"version-history":[{"count":5,"href":"https:\/\/yigiteksperlik.com\/index.php?rest_route=\/wp\/v2\/pages\/2\/revisions"}],"predecessor-version":[{"id":386,"href":"https:\/\/yigiteksperlik.com\/index.php?rest_route=\/wp\/v2\/pages\/2\/revisions\/386"}],"wp:attachment":[{"href":"https:\/\/yigiteksperlik.com\/index.php?rest_route=%2Fwp%2Fv2%2Fmedia&parent=2"}],"curies":[{"name":"wp","href":"https:\/\/api.w.org\/{rel}","templated":true}]}}